{"id":34,"date":"2024-02-09T10:40:07","date_gmt":"2024-02-09T10:40:07","guid":{"rendered":"https:\/\/www.sivatagirozsa.hu\/?page_id=34"},"modified":"2024-03-03T11:30:44","modified_gmt":"2024-03-03T11:30:44","slug":"fooldal","status":"publish","type":"page","link":"https:\/\/www.sivatagirozsa.hu\/","title":{"rendered":"Welcome"},"content":{"rendered":"\n<h1 class=\"wp-block-heading alignwide\" id=\"we-re-a-studio-in-berlin-with-an-international-practice-in-architecture-urban-planning-and-interior-design-we-believe-in-sharing-knowledge-and-promoting-dialogue-to-increase-the-creative-potential-of-collaboration\" style=\"font-size:48px;line-height:1.1\"><strong>Isten hozott!<\/strong><\/h1>\n\n\n\n<h2 class=\"wp-block-heading\" id=\"block-50bf5b41-ca4e-4c57-bc2c-a900c90d68e3\"><em>Sivatagi r\u00f3zsa.<\/em><\/h2>\n\n\n\n<p id=\"block-50bf5b41-ca4e-4c57-bc2c-a900c90d68e3\"> \u201e\u00c1lmodom az es\u0151r\u0151l, kertekr\u0151l \u00e1lmodom a sivatagi homokban.\u201d \u00cdgy kezd\u0151dik Sting Desert rose (sivatagi r\u00f3zsa) c\u00edm\u0171 dala. Az eg\u00e9sz vers sz\u00e1momra az \u00c9nekek \u00e9neke bibliai r\u00e9sz hangulat\u00e1t hozza. Rem\u00e9lem most m\u00e1r ott dallamlik mindenki gondolat\u00e1ban! Bocsi a dallamtapad\u00e1s\u00e9rt!<\/p>\n\n\n\n<p id=\"block-c77fd152-1509-4632-beb7-5aa2b05c7b28\">De mi\u00e9rt is kapcsolom ide? N\u00e9mi magyar\u00e1zatra szorul blogom \u00faj neve. Ahol mi \u00e9l\u00fcnk, az most m\u00e1r hivatalosan f\u00e9lsivatagnak sz\u00e1m\u00edt. \u00c1sott k\u00fatjaink n\u00e9h\u00e1ny \u00e9ve m\u00e1r kisz\u00e1radtak. 2013-ban k\u00f6lt\u00f6zt\u00fcnk ide, akkor m\u00e9g ezek a k\u00f6zel 4 m\u00e9teres kutak alkalmasak voltak itat\u00e1sra, locsol\u00e1sra. K\u00f6nnyen megh\u00fazhat\u00f3 volt v\u00f6d\u00f6rrel, t\u00e9li fagyok idej\u00e9n nagy seg\u00edts\u00e9g volt.<\/p>\n\n\n\n<p id=\"block-d5db529c-382b-4827-ac9f-e9d1e156343c\">Akkor m\u00e9g a semly\u00e9k novembert\u0151l m\u00e1jusig v\u00edz alatt \u00e1llt, \u00e9s ny\u00e1rt\u00f3l gy\u00f6ny\u00f6r\u0171, gazdag legel\u0151t adott. Kacs\u00e1inknak volt ideiglenes tavuk, megk\u00f6nny\u00edtve \u00e9lt\u00fcket, tart\u00e1sukat. De ez m\u00e1r nincs. \u00c9vr\u0151l \u00e9vre kevesebb az \u00e9rkez\u0151 csapad\u00e9k, \u00e9s a homok laza szerkezete gyorsan m\u00e9lyre engedi a vizet.<\/p>\n\n\n\n<p id=\"block-d14a9c2d-a2a5-423b-a41a-d1ff225de16d\">A tavalyel\u0151tti asz\u00e1ly volt az eg\u00e9sz orsz\u00e1g sz\u00e1m\u00e1ra is l\u00e1that\u00f3 jele a bajnak. Mi ny\u00e1r k\u00f6zep\u00e9n megetett\u00fck k\u00e9r\u0151dz\u0151inkkel azt a takarm\u00e1nyt, aminek k\u00f6vetkez\u0151 \u00e1prilisig ki kellett volna tartania norm\u00e1l esetben. Vett\u00fck a sz\u00e9n\u00e1t, de m\u00e1snak sem volt el\u00e9g, illetve mindenhol gyenge min\u0151s\u00e9g\u0171 takarm\u00e1nyt adott a f\u00f6ld. Kem\u00e9ny d\u00f6nt\u00e9seket hoztunk, \u00e1lmokat k\u00e9sz terveket engedt\u00fcnk el (\u00e9n legal\u00e1bbis mindenk\u00e9pp). Semmi z\u00f6lds\u00e9g\u00fcnk nem termett igaz\u00e1n, azon dolgoztunk, hogy a m\u00e1r elk\u00e9sz\u00fclt m\u00e9lymulcsunk ne sz\u00e1radjon ki.<\/p>\n\n\n\n<p id=\"block-4659911e-fd3f-4334-86ee-ae9be3ad9c76\">Lelkileg is egy sivatagos id\u0151t \u00e9ltem meg. Abb\u00f3l a felgy\u00fclemlett kegyelmi aj\u00e1nd\u00e9kokb\u00f3l t\u00e1pl\u00e1lkoztam, amiket kor\u00e1bban kaptam. Mert valahogy csak v\u00e1gytam a kegyelmek zuhatag\u00e1t, de nem \u00e9reztem \u00e9let\u00fcnk\u00f6n. \u00c9s egy ny\u00e1ri, kora esti s\u00e9t\u00e1lgat\u00e1s alatt, amikor v\u00e9gign\u00e9ztem a csont sz\u00e1raz kasz\u00e1lt gyepen, felhorkantam, hogy ide csak sivatagi r\u00f3zs\u00e1t szabad \u00fcltetni, aminek alig kell v\u00edz! Na azt\u00e1n j\u00f6tt a saj\u00e1t \u00e9letemre vonatkoztat\u00e1s, hogy annak idej\u00e9n megt\u00e9r\u00e9sem ut\u00e1n felt\u00f6lt\u0151dtem Istenb\u0151l \u00e9s az\u00f3ta abb\u00f3l \u00e9lek. \u00c9s kb. innen a n\u00e9v.<\/p>\n\n\n\n<p id=\"block-5a423ff9-a57d-4c9a-aebb-d2167f04e885\">N\u00e9ha a hajnali harmat el\u00e9g a n\u00f6v\u00e9nyeknek az \u00e9letben marad\u00e1shoz, s\u0151t n\u00f6veked\u00e9shez. Ez a harmat a ragyog\u00f3 napsug\u00e1rral elt\u0171nik, ha k\u00e9s\u0151n \u00e9rkez\u00fcnk \u00e9szre sem vessz\u00fck. Pedig van gy\u00fcm\u00f6lcse, van term\u00e9se. Amikor megt\u00e9rtem, ittam az igaz \u00e9let forr\u00e1s\u00e1b\u00f3l, \u00e9s most visszatekintve l\u00e1tom, hogy J\u00e9zus forr\u00e1sa val\u00f3ban \u00e9ltet, m\u00e9g ha azt \u00e9rzem is, hogy sivatag van. Egy\u00e9bk\u00e9nt a sivatag j\u00f3, mert seg\u00edt a l\u00e9nyeget l\u00e1tni.<\/p>\n\n\n\n<p class=\"has-very-light-gray-to-cyan-bluish-gray-gradient-background has-background\" id=\"block-ce22a6db-d391-41b0-bcf9-0d087b813b64\"><em>A sivatagi r\u00f3zsa (adenium obesum) a Szahar\u00e1t\u00f3l d\u00e9lre fekv\u0151 Sz\u00e1hel-\u00f6vezetben, Afrika keleti \u00e9s d\u00e9li tr\u00f3pusi \u00e9s szubtr\u00f3pusi r\u00e9sz\u00e9n, valamint az Arab-f\u00e9lszigeten \u0151shonos n\u00f6v\u00e9ny. A sz\u00e1raz, meleg \u00e9ghajlattal rendelkez\u0151 ter\u00fcleteken fordul el\u0151, j\u00f3l alkalmazkodik a magas h\u0151m\u00e9rs\u00e9klethez \u00e9s a kis csapad\u00e9k mennyis\u00e9ghez, \u00e9s t\u00f6bbnyire a homokos talajon n\u0151. Igaz\u00e1n pomp\u00e1s vir\u00e1gok d\u00edsz\u00edtik, csak h\u00e1t a hideget nem b\u00edrja, \u00edgy b\u00e1r f\u00e9lsivatag van n\u00e1lunk m\u00e9g sem maradna meg odakinn t\u00e9len a sz\u00e1nt\u00f3f\u00f6ld\u00f6n. Jelk\u00e9pnek viszont j\u00f3nak l\u00e1tom. A n\u00f6v\u00e9ny felt\u00f6ltekezik v\u00edzzel, \u00e9s a sz\u00e1raz melegben csak ragyogva \u00e9kes\u00edti a sivatagot, hirdetve a gy\u00f6ny\u00f6r\u0171s\u00e9get, Isten gy\u00f6ny\u00f6r\u0171s\u00e9g\u00e9t.<\/em><\/p>\n","protected":false},"excerpt":{"rendered":"<p>Isten hozott! Sivatagi r\u00f3zsa. \u201e\u00c1lmodom az es\u0151r\u0151l, kertekr\u0151l \u00e1lmodom a sivatagi homokban.\u201d \u00cdgy kezd\u0151dik Sting Desert rose (sivatagi r\u00f3zsa) c\u00edm\u0171 dala. Az eg\u00e9sz vers sz\u00e1momra az \u00c9nekek \u00e9neke bibliai r\u00e9sz hangulat\u00e1t hozza. Rem\u00e9lem most m\u00e1r ott dallamlik mindenki gondolat\u00e1ban! Bocsi a dallamtapad\u00e1s\u00e9rt! De mi\u00e9rt is kapcsolom ide? N\u00e9mi magyar\u00e1zatra szorul blogom \u00faj neve. Ahol mi [&hellip;]<\/p>\n","protected":false},"author":1,"featured_media":20,"parent":0,"menu_order":0,"comment_status":"closed","ping_status":"closed","template":"","meta":{"_monsterinsights_skip_tracking":false,"_monsterinsights_sitenote_active":false,"_monsterinsights_sitenote_note":"","_monsterinsights_sitenote_category":0,"footnotes":""},"yoast_head":"<!-- This site is optimized with the Yoast SEO plugin v22.8 - https:\/\/yoast.com\/wordpress\/plugins\/seo\/ -->\n<title>Welcome - Sivatagi r\u00f3zsa<\/title>\n<meta name=\"robots\" content=\"index, follow, max-snippet:-1, max-image-preview:large, max-video-preview:-1\" \/>\n<link rel=\"canonical\" href=\"https:\/\/www.sivatagirozsa.hu\/\" \/>\n<meta property=\"og:locale\" content=\"hu_HU\" \/>\n<meta property=\"og:type\" content=\"article\" \/>\n<meta property=\"og:title\" content=\"Welcome - Sivatagi r\u00f3zsa\" \/>\n<meta property=\"og:description\" content=\"Isten hozott! Sivatagi r\u00f3zsa. \u201e\u00c1lmodom az es\u0151r\u0151l, kertekr\u0151l \u00e1lmodom a sivatagi homokban.\u201d \u00cdgy kezd\u0151dik Sting Desert rose (sivatagi r\u00f3zsa) c\u00edm\u0171 dala. Az eg\u00e9sz vers sz\u00e1momra az \u00c9nekek \u00e9neke bibliai r\u00e9sz hangulat\u00e1t hozza. Rem\u00e9lem most m\u00e1r ott dallamlik mindenki gondolat\u00e1ban! Bocsi a dallamtapad\u00e1s\u00e9rt! De mi\u00e9rt is kapcsolom ide? N\u00e9mi magyar\u00e1zatra szorul blogom \u00faj neve. Ahol mi [&hellip;]\" \/>\n<meta property=\"og:url\" content=\"https:\/\/www.sivatagirozsa.hu\/\" \/>\n<meta property=\"og:site_name\" content=\"Sivatagi r\u00f3zsa\" \/>\n<meta property=\"article:modified_time\" content=\"2024-03-03T11:30:44+00:00\" \/>\n<meta property=\"og:image\" content=\"https:\/\/www.sivatagirozsa.hu\/wp-content\/uploads\/2024\/02\/Galih-ajasihShutterstock-e1709324573207.jpg\" \/>\n\t<meta property=\"og:image:width\" content=\"700\" \/>\n\t<meta property=\"og:image:height\" content=\"322\" \/>\n\t<meta property=\"og:image:type\" content=\"image\/jpeg\" \/>\n<meta name=\"twitter:card\" content=\"summary_large_image\" \/>\n<meta name=\"twitter:label1\" content=\"Becs\u00fclt olvas\u00e1si id\u0151\" \/>\n\t<meta name=\"twitter:data1\" content=\"3 perc\" \/>\n<script type=\"application\/ld+json\" class=\"yoast-schema-graph\">{\"@context\":\"https:\/\/schema.org\",\"@graph\":[{\"@type\":\"WebPage\",\"@id\":\"https:\/\/www.sivatagirozsa.hu\/\",\"url\":\"https:\/\/www.sivatagirozsa.hu\/\",\"name\":\"Welcome - Sivatagi r\u00f3zsa\",\"isPartOf\":{\"@id\":\"https:\/\/www.sivatagirozsa.hu\/#website\"},\"primaryImageOfPage\":{\"@id\":\"https:\/\/www.sivatagirozsa.hu\/#primaryimage\"},\"image\":{\"@id\":\"https:\/\/www.sivatagirozsa.hu\/#primaryimage\"},\"thumbnailUrl\":\"https:\/\/www.sivatagirozsa.hu\/wp-content\/uploads\/2024\/02\/Galih-ajasihShutterstock-e1709324573207.jpg\",\"datePublished\":\"2024-02-09T10:40:07+00:00\",\"dateModified\":\"2024-03-03T11:30:44+00:00\",\"breadcrumb\":{\"@id\":\"https:\/\/www.sivatagirozsa.hu\/#breadcrumb\"},\"inLanguage\":\"hu\",\"potentialAction\":[{\"@type\":\"ReadAction\",\"target\":[\"https:\/\/www.sivatagirozsa.hu\/\"]}]},{\"@type\":\"ImageObject\",\"inLanguage\":\"hu\",\"@id\":\"https:\/\/www.sivatagirozsa.hu\/#primaryimage\",\"url\":\"https:\/\/www.sivatagirozsa.hu\/wp-content\/uploads\/2024\/02\/Galih-ajasihShutterstock-e1709324573207.jpg\",\"contentUrl\":\"https:\/\/www.sivatagirozsa.hu\/wp-content\/uploads\/2024\/02\/Galih-ajasihShutterstock-e1709324573207.jpg\",\"width\":700,\"height\":322},{\"@type\":\"BreadcrumbList\",\"@id\":\"https:\/\/www.sivatagirozsa.hu\/#breadcrumb\",\"itemListElement\":[{\"@type\":\"ListItem\",\"position\":1,\"name\":\"Home\",\"item\":\"https:\/\/www.sivatagirozsa.hu\/\"},{\"@type\":\"ListItem\",\"position\":2,\"name\":\"Welcome\"}]},{\"@type\":\"WebSite\",\"@id\":\"https:\/\/www.sivatagirozsa.hu\/#website\",\"url\":\"https:\/\/www.sivatagirozsa.hu\/\",\"name\":\"Sivatagi r\u00f3zsa\",\"description\":\"Helgi blogja hitr\u0151l, csal\u00e1dr\u00f3l, finoms\u00e1gokr\u00f3l a tany\u00e1r\u00f3l.\",\"potentialAction\":[{\"@type\":\"SearchAction\",\"target\":{\"@type\":\"EntryPoint\",\"urlTemplate\":\"https:\/\/www.sivatagirozsa.hu\/?s={search_term_string}\"},\"query-input\":\"required name=search_term_string\"}],\"inLanguage\":\"hu\"}]}<\/script>\n<!-- \/ Yoast SEO plugin. -->","yoast_head_json":{"title":"Welcome - Sivatagi r\u00f3zsa","robots":{"index":"index","follow":"follow","max-snippet":"max-snippet:-1","max-image-preview":"max-image-preview:large","max-video-preview":"max-video-preview:-1"},"canonical":"https:\/\/www.sivatagirozsa.hu\/","og_locale":"hu_HU","og_type":"article","og_title":"Welcome - Sivatagi r\u00f3zsa","og_description":"Isten hozott! Sivatagi r\u00f3zsa. \u201e\u00c1lmodom az es\u0151r\u0151l, kertekr\u0151l \u00e1lmodom a sivatagi homokban.\u201d \u00cdgy kezd\u0151dik Sting Desert rose (sivatagi r\u00f3zsa) c\u00edm\u0171 dala. Az eg\u00e9sz vers sz\u00e1momra az \u00c9nekek \u00e9neke bibliai r\u00e9sz hangulat\u00e1t hozza. Rem\u00e9lem most m\u00e1r ott dallamlik mindenki gondolat\u00e1ban! Bocsi a dallamtapad\u00e1s\u00e9rt! De mi\u00e9rt is kapcsolom ide? N\u00e9mi magyar\u00e1zatra szorul blogom \u00faj neve. Ahol mi [&hellip;]","og_url":"https:\/\/www.sivatagirozsa.hu\/","og_site_name":"Sivatagi r\u00f3zsa","article_modified_time":"2024-03-03T11:30:44+00:00","og_image":[{"width":700,"height":322,"url":"https:\/\/www.sivatagirozsa.hu\/wp-content\/uploads\/2024\/02\/Galih-ajasihShutterstock-e1709324573207.jpg","type":"image\/jpeg"}],"twitter_card":"summary_large_image","twitter_misc":{"Becs\u00fclt olvas\u00e1si id\u0151":"3 perc"},"schema":{"@context":"https:\/\/schema.org","@graph":[{"@type":"WebPage","@id":"https:\/\/www.sivatagirozsa.hu\/","url":"https:\/\/www.sivatagirozsa.hu\/","name":"Welcome - Sivatagi r\u00f3zsa","isPartOf":{"@id":"https:\/\/www.sivatagirozsa.hu\/#website"},"primaryImageOfPage":{"@id":"https:\/\/www.sivatagirozsa.hu\/#primaryimage"},"image":{"@id":"https:\/\/www.sivatagirozsa.hu\/#primaryimage"},"thumbnailUrl":"https:\/\/www.sivatagirozsa.hu\/wp-content\/uploads\/2024\/02\/Galih-ajasihShutterstock-e1709324573207.jpg","datePublished":"2024-02-09T10:40:07+00:00","dateModified":"2024-03-03T11:30:44+00:00","breadcrumb":{"@id":"https:\/\/www.sivatagirozsa.hu\/#breadcrumb"},"inLanguage":"hu","potentialAction":[{"@type":"ReadAction","target":["https:\/\/www.sivatagirozsa.hu\/"]}]},{"@type":"ImageObject","inLanguage":"hu","@id":"https:\/\/www.sivatagirozsa.hu\/#primaryimage","url":"https:\/\/www.sivatagirozsa.hu\/wp-content\/uploads\/2024\/02\/Galih-ajasihShutterstock-e1709324573207.jpg","contentUrl":"https:\/\/www.sivatagirozsa.hu\/wp-content\/uploads\/2024\/02\/Galih-ajasihShutterstock-e1709324573207.jpg","width":700,"height":322},{"@type":"BreadcrumbList","@id":"https:\/\/www.sivatagirozsa.hu\/#breadcrumb","itemListElement":[{"@type":"ListItem","position":1,"name":"Home","item":"https:\/\/www.sivatagirozsa.hu\/"},{"@type":"ListItem","position":2,"name":"Welcome"}]},{"@type":"WebSite","@id":"https:\/\/www.sivatagirozsa.hu\/#website","url":"https:\/\/www.sivatagirozsa.hu\/","name":"Sivatagi r\u00f3zsa","description":"Helgi blogja hitr\u0151l, csal\u00e1dr\u00f3l, finoms\u00e1gokr\u00f3l a tany\u00e1r\u00f3l.","potentialAction":[{"@type":"SearchAction","target":{"@type":"EntryPoint","urlTemplate":"https:\/\/www.sivatagirozsa.hu\/?s={search_term_string}"},"query-input":"required name=search_term_string"}],"inLanguage":"hu"}]}},"_links":{"self":[{"href":"https:\/\/www.sivatagirozsa.hu\/index.php?rest_route=\/wp\/v2\/pages\/34"}],"collection":[{"href":"https:\/\/www.sivatagirozsa.hu\/index.php?rest_route=\/wp\/v2\/pages"}],"about":[{"href":"https:\/\/www.sivatagirozsa.hu\/index.php?rest_route=\/wp\/v2\/types\/page"}],"author":[{"embeddable":true,"href":"https:\/\/www.sivatagirozsa.hu\/index.php?rest_route=\/wp\/v2\/users\/1"}],"replies":[{"embeddable":true,"href":"https:\/\/www.sivatagirozsa.hu\/index.php?rest_route=%2Fwp%2Fv2%2Fcomments&post=34"}],"version-history":[{"count":6,"href":"https:\/\/www.sivatagirozsa.hu\/index.php?rest_route=\/wp\/v2\/pages\/34\/revisions"}],"predecessor-version":[{"id":160,"href":"https:\/\/www.sivatagirozsa.hu\/index.php?rest_route=\/wp\/v2\/pages\/34\/revisions\/160"}],"wp:featuredmedia":[{"embeddable":true,"href":"https:\/\/www.sivatagirozsa.hu\/index.php?rest_route=\/wp\/v2\/media\/20"}],"wp:attachment":[{"href":"https:\/\/www.sivatagirozsa.hu\/index.php?rest_route=%2Fwp%2Fv2%2Fmedia&parent=34"}],"curies":[{"name":"wp","href":"https:\/\/api.w.org\/{rel}","templated":true}]}}