{"id":40,"date":"2024-02-09T10:41:18","date_gmt":"2024-02-09T10:41:18","guid":{"rendered":"https:\/\/www.sivatagirozsa.hu\/?page_id=40"},"modified":"2024-02-09T11:29:53","modified_gmt":"2024-02-09T11:29:53","slug":"kapcsolat","status":"publish","type":"page","link":"https:\/\/www.sivatagirozsa.hu\/?page_id=40","title":{"rendered":"Kapcsolat"},"content":{"rendered":"\n<p>hajnalhelga@sivatagirozsa.hu<\/p>\n","protected":false},"excerpt":{"rendered":"<p>hajnalhelga@sivatagirozsa.hu<\/p>\n","protected":false},"author":1,"featured_media":0,"parent":0,"menu_order":0,"comment_status":"closed","ping_status":"closed","template":"","meta":{"_monsterinsights_skip_tracking":false,"_monsterinsights_sitenote_active":false,"_monsterinsights_sitenote_note":"","_monsterinsights_sitenote_category":0,"footnotes":""},"yoast_head":"<!-- This site is optimized with the Yoast SEO plugin v22.8 - https:\/\/yoast.com\/wordpress\/plugins\/seo\/ -->\n<title>Kapcsolat - Sivatagi r\u00f3zsa<\/title>\n<meta name=\"robots\" content=\"index, follow, max-snippet:-1, max-image-preview:large, max-video-preview:-1\" \/>\n<link rel=\"canonical\" href=\"https:\/\/www.sivatagirozsa.hu\/?page_id=40\" \/>\n<meta property=\"og:locale\" content=\"hu_HU\" \/>\n<meta property=\"og:type\" content=\"article\" \/>\n<meta property=\"og:title\" content=\"Kapcsolat - Sivatagi r\u00f3zsa\" \/>\n<meta property=\"og:description\" content=\"hajnalhelga@sivatagirozsa.hu\" \/>\n<meta property=\"og:url\" content=\"https:\/\/www.sivatagirozsa.hu\/?page_id=40\" \/>\n<meta property=\"og:site_name\" content=\"Sivatagi r\u00f3zsa\" \/>\n<meta property=\"article:modified_time\" content=\"2024-02-09T11:29:53+00:00\" \/>\n<meta name=\"twitter:card\" content=\"summary_large_image\" \/>\n<meta name=\"twitter:label1\" content=\"Becs\u00fclt olvas\u00e1si id\u0151\" \/>\n\t<meta name=\"twitter:data1\" content=\"1 perc\" \/>\n<script type=\"application\/ld+json\" class=\"yoast-schema-graph\">{\"@context\":\"https:\/\/schema.org\",\"@graph\":[{\"@type\":\"WebPage\",\"@id\":\"https:\/\/www.sivatagirozsa.hu\/?page_id=40\",\"url\":\"https:\/\/www.sivatagirozsa.hu\/?page_id=40\",\"name\":\"Kapcsolat - Sivatagi r\u00f3zsa\",\"isPartOf\":{\"@id\":\"https:\/\/www.sivatagirozsa.hu\/#website\"},\"datePublished\":\"2024-02-09T10:41:18+00:00\",\"dateModified\":\"2024-02-09T11:29:53+00:00\",\"breadcrumb\":{\"@id\":\"https:\/\/www.sivatagirozsa.hu\/?page_id=40#breadcrumb\"},\"inLanguage\":\"hu\",\"potentialAction\":[{\"@type\":\"ReadAction\",\"target\":[\"https:\/\/www.sivatagirozsa.hu\/?page_id=40\"]}]},{\"@type\":\"BreadcrumbList\",\"@id\":\"https:\/\/www.sivatagirozsa.hu\/?page_id=40#breadcrumb\",\"itemListElement\":[{\"@type\":\"ListItem\",\"position\":1,\"name\":\"Home\",\"item\":\"https:\/\/www.sivatagirozsa.hu\/\"},{\"@type\":\"ListItem\",\"position\":2,\"name\":\"Kapcsolat\"}]},{\"@type\":\"WebSite\",\"@id\":\"https:\/\/www.sivatagirozsa.hu\/#website\",\"url\":\"https:\/\/www.sivatagirozsa.hu\/\",\"name\":\"Sivatagi r\u00f3zsa\",\"description\":\"Helgi blogja hitr\u0151l, csal\u00e1dr\u00f3l, finoms\u00e1gokr\u00f3l a tany\u00e1r\u00f3l.\",\"potentialAction\":[{\"@type\":\"SearchAction\",\"target\":{\"@type\":\"EntryPoint\",\"urlTemplate\":\"https:\/\/www.sivatagirozsa.hu\/?s={search_term_string}\"},\"query-input\":\"required name=search_term_string\"}],\"inLanguage\":\"hu\"}]}<\/script>\n<!-- \/ Yoast SEO plugin. -->","yoast_head_json":{"title":"Kapcsolat - Sivatagi r\u00f3zsa","robots":{"index":"index","follow":"follow","max-snippet":"max-snippet:-1","max-image-preview":"max-image-preview:large","max-video-preview":"max-video-preview:-1"},"canonical":"https:\/\/www.sivatagirozsa.hu\/?page_id=40","og_locale":"hu_HU","og_type":"article","og_title":"Kapcsolat - Sivatagi r\u00f3zsa","og_description":"hajnalhelga@sivatagirozsa.hu","og_url":"https:\/\/www.sivatagirozsa.hu\/?page_id=40","og_site_name":"Sivatagi r\u00f3zsa","article_modified_time":"2024-02-09T11:29:53+00:00","twitter_card":"summary_large_image","twitter_misc":{"Becs\u00fclt olvas\u00e1si id\u0151":"1 perc"},"schema":{"@context":"https:\/\/schema.org","@graph":[{"@type":"WebPage","@id":"https:\/\/www.sivatagirozsa.hu\/?page_id=40","url":"https:\/\/www.sivatagirozsa.hu\/?page_id=40","name":"Kapcsolat - Sivatagi r\u00f3zsa","isPartOf":{"@id":"https:\/\/www.sivatagirozsa.hu\/#website"},"datePublished":"2024-02-09T10:41:18+00:00","dateModified":"2024-02-09T11:29:53+00:00","breadcrumb":{"@id":"https:\/\/www.sivatagirozsa.hu\/?page_id=40#breadcrumb"},"inLanguage":"hu","potentialAction":[{"@type":"ReadAction","target":["https:\/\/www.sivatagirozsa.hu\/?page_id=40"]}]},{"@type":"BreadcrumbList","@id":"https:\/\/www.sivatagirozsa.hu\/?page_id=40#breadcrumb","itemListElement":[{"@type":"ListItem","position":1,"name":"Home","item":"https:\/\/www.sivatagirozsa.hu\/"},{"@type":"ListItem","position":2,"name":"Kapcsolat"}]},{"@type":"WebSite","@id":"https:\/\/www.sivatagirozsa.hu\/#website","url":"https:\/\/www.sivatagirozsa.hu\/","name":"Sivatagi r\u00f3zsa","description":"Helgi blogja hitr\u0151l, csal\u00e1dr\u00f3l, finoms\u00e1gokr\u00f3l a tany\u00e1r\u00f3l.","potentialAction":[{"@type":"SearchAction","target":{"@type":"EntryPoint","urlTemplate":"https:\/\/www.sivatagirozsa.hu\/?s={search_term_string}"},"query-input":"required name=search_term_string"}],"inLanguage":"hu"}]}},"_links":{"self":[{"href":"https:\/\/www.sivatagirozsa.hu\/index.php?rest_route=\/wp\/v2\/pages\/40"}],"collection":[{"href":"https:\/\/www.sivatagirozsa.hu\/index.php?rest_route=\/wp\/v2\/pages"}],"about":[{"href":"https:\/\/www.sivatagirozsa.hu\/index.php?rest_route=\/wp\/v2\/types\/page"}],"author":[{"embeddable":true,"href":"https:\/\/www.sivatagirozsa.hu\/index.php?rest_route=\/wp\/v2\/users\/1"}],"replies":[{"embeddable":true,"href":"https:\/\/www.sivatagirozsa.hu\/index.php?rest_route=%2Fwp%2Fv2%2Fcomments&post=40"}],"version-history":[{"count":2,"href":"https:\/\/www.sivatagirozsa.hu\/index.php?rest_route=\/wp\/v2\/pages\/40\/revisions"}],"predecessor-version":[{"id":61,"href":"https:\/\/www.sivatagirozsa.hu\/index.php?rest_route=\/wp\/v2\/pages\/40\/revisions\/61"}],"wp:attachment":[{"href":"https:\/\/www.sivatagirozsa.hu\/index.php?rest_route=%2Fwp%2Fv2%2Fmedia&parent=40"}],"curies":[{"name":"wp","href":"https:\/\/api.w.org\/{rel}","templated":true}]}}